{"id":898,"date":"2020-06-28T01:11:14","date_gmt":"2020-06-28T01:11:14","guid":{"rendered":"http:\/\/mejorat.com\/es\/?post_type=product&#038;p=898"},"modified":"2020-06-28T04:50:38","modified_gmt":"2020-06-28T04:50:38","slug":"reto-vivri-rainbow","status":"publish","type":"product","link":"https:\/\/mejorat.com\/es\/product\/reto-vivri-rainbow\/","title":{"rendered":"Reto VIVRI Rainbow"},"content":{"rendered":"<p><span data-sheets-value=\"{&quot;1&quot;:2,&quot;2&quot;:&quot;Un reto VIVRI es un plan de alimentaci\u00f3n de 10 d\u00edas en donde cambiar\u00e1s tus h\u00e1bitos de alimentaci\u00f3n, te sentir\u00e1s mejor y nutrir\u00e1s tu cuerpo. La alimentaci\u00f3n VIVRI se basa en alimentos en polvos que los mezclas con agua fr\u00eda y hielos, y al tom\u00e1rtelo te va a saber muy rico. No saben como los cl\u00e1sicos batidos que saben a harina o a maizena. \\n\\nEstos son alimentos en polvo que traen extractos vegetales, vitaminas, minerales y son altos en prote\u00edna. No son alimentos cualquiera, son alimentos que ya est\u00e1n aprobados por el gobierno mexicano, por parte de la Cofepris. Estos productos se fabrican en Estados Unidos en instalaciones que est\u00e1n registradas con la FDA, se adhieren a las Buenas Pr\u00e1cticas de Manufactura (GMP, por sus siglas en ingl\u00e9s Good Manufacturing Practices) y poseen la certificaci\u00f3n GMP otorgada por la National Science Foundation (NSF). Adem\u00e1s, cumplen con todas las normas de calidad de Cofepris en M\u00e9xico. \\n\\nEste paquete o \\&quot;Reto Rainbow\\&quot; tiene todo lo necesario para alimentarte sanamente durante la ma\u00f1ana y la noche. Lo \u00fanico que debes hacer es hacer una comida completa de cualquier platillo que tu quieras, mientras sean las permitidas del plan de alimentaci\u00f3n y tomar un batido o shake de VIVRI 2 veces al d\u00eda. Si te da hambre, entre comidas puedes consumir frutas, verduras y tomar otras 2 bebidas de apoyo que vienen en este paquete. Existen distintos \\&quot;Retos\\&quot; de VIVRI, en este que es Rainbow, trae una variedad de sabores, para que los pruebes todos. Adem\u00e1s que trae uno sin sabor llamado \\&quot;Clear\\&quot; este lo metes a una licuadora junto con cualquier fruta como mel\u00f3n, mango, o papaya, y as\u00ed tendr\u00e1s la libertad de cambiarle el sabor. Este paquete adem\u00e1s trae un diario para que le des seguimiento a todo tu plan alimenticio, un shaker para que sea m\u00e1s f\u00e1cil tomar tus bebidas, una pulsera muy bonita que te recordar\u00e1 sobre el reto y 2 complementos mencionados.&quot;}\" data-sheets-userformat=\"{&quot;2&quot;:11137,&quot;3&quot;:{&quot;1&quot;:0},&quot;10&quot;:1,&quot;11&quot;:4,&quot;12&quot;:0,&quot;14&quot;:{&quot;1&quot;:2,&quot;2&quot;:0},&quot;16&quot;:10}\">Un reto VIVRI es un plan de alimentaci\u00f3n de 10 d\u00edas en donde cambiar\u00e1s tus h\u00e1bitos de alimentaci\u00f3n, te sentir\u00e1s mejor y nutrir\u00e1s tu cuerpo. La alimentaci\u00f3n VIVRI se basa en alimentos en polvos que los mezclas con agua fr\u00eda y hielos, y al tom\u00e1rtelo te va a saber muy rico. No saben como los cl\u00e1sicos batidos que saben a harina o a maizena.<\/span><\/p>\n<p>Estos son alimentos en polvo que traen extractos vegetales, vitaminas, minerales y son altos en prote\u00edna. No son alimentos cualquiera, son alimentos que ya est\u00e1n aprobados por el gobierno mexicano, por parte de la Cofepris. Estos productos se fabrican en Estados Unidos en instalaciones que est\u00e1n registradas con la FDA, se adhieren a las Buenas Pr\u00e1cticas de Manufactura (GMP, por sus siglas en ingl\u00e9s Good Manufacturing Practices) y poseen la certificaci\u00f3n GMP otorgada por la National Science Foundation (NSF). Adem\u00e1s, cumplen con todas las normas de calidad de Cofepris en M\u00e9xico.<\/p>\n<p>Este paquete o &#8220;Reto Rainbow&#8221; tiene todo lo necesario para alimentarte sanamente durante la ma\u00f1ana y la noche. Lo \u00fanico que debes hacer es hacer una comida completa de cualquier platillo que tu quieras, mientras sean las permitidas del plan de alimentaci\u00f3n y tomar un batido o shake de VIVRI 2 veces al d\u00eda. Si te da hambre, entre comidas puedes consumir frutas, verduras y tomar otras 2 bebidas de apoyo que vienen en este paquete. Existen distintos &#8220;Retos&#8221; de VIVRI, en este que es Rainbow, trae una variedad de sabores, para que los pruebes todos. Adem\u00e1s que trae uno sin sabor llamado &#8220;Clear&#8221; este lo metes a una licuadora junto con cualquier fruta como mel\u00f3n, mango, o papaya, y as\u00ed tendr\u00e1s la libertad de cambiarle el sabor. Este paquete adem\u00e1s trae un diario para que le des seguimiento a todo tu plan alimenticio, un shaker para que sea m\u00e1s f\u00e1cil tomar tus bebidas, una pulsera muy bonita que te recordar\u00e1 sobre el reto y 2 complementos mencionados.<\/p>\n","protected":false},"excerpt":{"rendered":"<p><span data-sheets-value=\"{&quot;1&quot;:2,&quot;2&quot;:&quot;Toma el reto de 10 d\u00edas con una variedad de sabores: Chocolate, fresa, vainilla, cookies and cream y uno sin sabor, el cual puedes mezclarlo con cualquier fruta de tu preferencia.&quot;}\" data-sheets-userformat=\"{&quot;2&quot;:11137,&quot;3&quot;:{&quot;1&quot;:0},&quot;10&quot;:1,&quot;11&quot;:4,&quot;12&quot;:0,&quot;14&quot;:{&quot;1&quot;:2,&quot;2&quot;:0},&quot;16&quot;:10}\">Toma el reto de 10 d\u00edas con una variedad de sabores: Chocolate, fresa, vainilla, cookies and cream y uno sin sabor, el cual puedes mezclarlo con cualquier fruta de tu preferencia.<\/span><\/p>\n","protected":false},"featured_media":899,"comment_status":"open","ping_status":"closed","template":"","meta":[],"product_brand":[],"product_cat":[44],"product_tag":[53],"class_list":{"0":"post-898","1":"product","2":"type-product","3":"status-publish","4":"has-post-thumbnail","6":"product_cat-alimentacion","7":"product_tag-retos","9":"first","10":"instock","11":"shipping-taxable","12":"product-type-external"},"_links":{"self":[{"href":"https:\/\/mejorat.com\/es\/wp-json\/wp\/v2\/product\/898","targetHints":{"allow":["GET"]}}],"collection":[{"href":"https:\/\/mejorat.com\/es\/wp-json\/wp\/v2\/product"}],"about":[{"href":"https:\/\/mejorat.com\/es\/wp-json\/wp\/v2\/types\/product"}],"replies":[{"embeddable":true,"href":"https:\/\/mejorat.com\/es\/wp-json\/wp\/v2\/comments?post=898"}],"version-history":[{"count":3,"href":"https:\/\/mejorat.com\/es\/wp-json\/wp\/v2\/product\/898\/revisions"}],"predecessor-version":[{"id":1073,"href":"https:\/\/mejorat.com\/es\/wp-json\/wp\/v2\/product\/898\/revisions\/1073"}],"wp:featuredmedia":[{"embeddable":true,"href":"https:\/\/mejorat.com\/es\/wp-json\/wp\/v2\/media\/899"}],"wp:attachment":[{"href":"https:\/\/mejorat.com\/es\/wp-json\/wp\/v2\/media?parent=898"}],"wp:term":[{"taxonomy":"product_brand","embeddable":true,"href":"https:\/\/mejorat.com\/es\/wp-json\/wp\/v2\/product_brand?post=898"},{"taxonomy":"product_cat","embeddable":true,"href":"https:\/\/mejorat.com\/es\/wp-json\/wp\/v2\/product_cat?post=898"},{"taxonomy":"product_tag","embeddable":true,"href":"https:\/\/mejorat.com\/es\/wp-json\/wp\/v2\/product_tag?post=898"}],"curies":[{"name":"wp","href":"https:\/\/api.w.org\/{rel}","templated":true}]}}