{"id":113,"date":"2018-10-18T02:29:02","date_gmt":"2018-10-18T02:29:02","guid":{"rendered":"https:\/\/woostify.com\/demos\/urbanstyle\/?post_type=product&#038;p=113"},"modified":"2020-06-28T04:51:23","modified_gmt":"2020-06-28T04:51:23","slug":"shake-me","status":"publish","type":"product","link":"https:\/\/mejorat.com\/es\/product\/shake-me\/","title":{"rendered":"Shake Me &#8211; Licuado con nutrientes"},"content":{"rendered":"<div class=\"woocommerce-product-details__short-description\">\n<p><span data-sheets-value=\"{&quot;1&quot;:2,&quot;2&quot;:&quot;Los Shake Me son alimentos en polvo que est\u00e1n hechos de vegetales, vitaminas, minerales y son altos en prote\u00edna. No son alimentos cualquiera, son alimentos que ya est\u00e1n aprobados por el gobierno mexicano, por parte de la Cofepris. Estos productos se fabrican en Estados Unidos en instalaciones que est\u00e1n registradas con la FDA, se adhieren a las Buenas Pr\u00e1cticas de Manufactura (GMP, por sus siglas en ingl\u00e9s Good Manufacturing Practices) y poseen la certificaci\u00f3n GMP otorgada por la National Science Foundation (NSF). Adem\u00e1s, cumplen con todas las normas de calidad de Cofepris en M\u00e9xico. \\n\\nA diferencia de otros productos, aqui puedes escoger cualquiera de los sabores que tienen los Shakes de VIVRI. Trae el polvo shake del sabor que escojas puede ser cholate, fresa, vainilla, coockies and cream y vegano sabor chocolate. Trae todo lo necesario para alimentarte sanamente durante la ma\u00f1ana y la noche. \\n\\nLo \u00fanico que debes hacer es hacer una comida completa de cualquier platillo que tu quieras, mientras sean las permitidas del plan de alimentaci\u00f3n y tomar un batido o shake de VIVRI 2 veces al d\u00eda. Si te da hambre, entre comidas puedes consumir frutas y\/o verduras complementarias.&quot;}\" data-sheets-userformat=\"{&quot;2&quot;:11137,&quot;3&quot;:{&quot;1&quot;:0},&quot;10&quot;:1,&quot;11&quot;:4,&quot;12&quot;:0,&quot;14&quot;:{&quot;1&quot;:2,&quot;2&quot;:0},&quot;16&quot;:10}\">Los Shake Me son alimentos en polvo que est\u00e1n hechos de vegetales, vitaminas, minerales y son altos en prote\u00edna. No son alimentos cualquiera, son alimentos que ya est\u00e1n aprobados por el gobierno mexicano, por parte de la Cofepris. Estos productos se fabrican en Estados Unidos en instalaciones que est\u00e1n registradas con la FDA, se adhieren a las Buenas Pr\u00e1cticas de Manufactura (GMP, por sus siglas en ingl\u00e9s Good Manufacturing Practices) y poseen la certificaci\u00f3n GMP otorgada por la National Science Foundation (NSF). Adem\u00e1s, cumplen con todas las normas de calidad de Cofepris en M\u00e9xico. <\/span><\/p>\n<p><span data-sheets-value=\"{&quot;1&quot;:2,&quot;2&quot;:&quot;Los Shake Me son alimentos en polvo que est\u00e1n hechos de vegetales, vitaminas, minerales y son altos en prote\u00edna. No son alimentos cualquiera, son alimentos que ya est\u00e1n aprobados por el gobierno mexicano, por parte de la Cofepris. Estos productos se fabrican en Estados Unidos en instalaciones que est\u00e1n registradas con la FDA, se adhieren a las Buenas Pr\u00e1cticas de Manufactura (GMP, por sus siglas en ingl\u00e9s Good Manufacturing Practices) y poseen la certificaci\u00f3n GMP otorgada por la National Science Foundation (NSF). Adem\u00e1s, cumplen con todas las normas de calidad de Cofepris en M\u00e9xico. \\n\\nA diferencia de otros productos, aqui puedes escoger cualquiera de los sabores que tienen los Shakes de VIVRI. Trae el polvo shake del sabor que escojas puede ser cholate, fresa, vainilla, coockies and cream y vegano sabor chocolate. Trae todo lo necesario para alimentarte sanamente durante la ma\u00f1ana y la noche. \\n\\nLo \u00fanico que debes hacer es hacer una comida completa de cualquier platillo que tu quieras, mientras sean las permitidas del plan de alimentaci\u00f3n y tomar un batido o shake de VIVRI 2 veces al d\u00eda. Si te da hambre, entre comidas puedes consumir frutas y\/o verduras complementarias.&quot;}\" data-sheets-userformat=\"{&quot;2&quot;:11137,&quot;3&quot;:{&quot;1&quot;:0},&quot;10&quot;:1,&quot;11&quot;:4,&quot;12&quot;:0,&quot;14&quot;:{&quot;1&quot;:2,&quot;2&quot;:0},&quot;16&quot;:10}\"><img fetchpriority=\"high\" decoding=\"async\" class=\"size-medium wp-image-985 aligncenter\" src=\"http:\/\/mejorat.com\/es\/wp-content\/uploads\/2020\/06\/Shake-VAINILLA_MX_PAN-232x300.png\" alt=\"\" width=\"232\" height=\"300\" srcset=\"https:\/\/mejorat.com\/es\/wp-content\/uploads\/2020\/06\/Shake-VAINILLA_MX_PAN-232x300.png 232w, https:\/\/mejorat.com\/es\/wp-content\/uploads\/2020\/06\/Shake-VAINILLA_MX_PAN-791x1024.png 791w, https:\/\/mejorat.com\/es\/wp-content\/uploads\/2020\/06\/Shake-VAINILLA_MX_PAN-768x994.png 768w, https:\/\/mejorat.com\/es\/wp-content\/uploads\/2020\/06\/Shake-VAINILLA_MX_PAN-1187x1536.png 1187w, https:\/\/mejorat.com\/es\/wp-content\/uploads\/2020\/06\/Shake-VAINILLA_MX_PAN-600x776.png 600w, https:\/\/mejorat.com\/es\/wp-content\/uploads\/2020\/06\/Shake-VAINILLA_MX_PAN.png 1275w\" sizes=\"(max-width: 232px) 100vw, 232px\" \/>A diferencia de otros productos, aqu\u00ed puedes escoger cualquiera de los sabores que tienen los Shakes de VIVRI. Trae el polvo shake del sabor que escojas puede ser cholate, fresa, vainilla, coockies and cream y vegano sabor chocolate. Trae todo lo necesario para alimentarte sanamente durante la ma\u00f1ana y la noche.<\/span><\/p>\n<p>Lo \u00fanico que debes hacer es hacer una comida completa de cualquier platillo que tu quieras, mientras sean las permitidas del plan de alimentaci\u00f3n y tomar un batido o shake de VIVRI 2 veces al d\u00eda. Si te da hambre, entre comidas puedes consumir frutas y\/o verduras complementarias.<\/p>\n<\/div>\n","protected":false},"excerpt":{"rendered":"<p><span data-sheets-value=\"{&quot;1&quot;:2,&quot;2&quot;:&quot;Nutrici\u00f3n Esencial\\nSHAKE ME!\u00ae: contiene 45 nutrientes esenciales, es un alimento en polvo de acuerdo a los est\u00e1ndares internacionales m\u00e1s altos. Est\u00e1 repleto de prote\u00ednas, vitaminas, extractos vegetales y otros ingredientes de primera calidad.&quot;}\" data-sheets-userformat=\"{&quot;2&quot;:11137,&quot;3&quot;:{&quot;1&quot;:0},&quot;10&quot;:1,&quot;11&quot;:4,&quot;12&quot;:0,&quot;14&quot;:{&quot;1&quot;:2,&quot;2&quot;:0},&quot;16&quot;:10}\">La bebida SHAKE ME!\u00ae: contiene 45 nutrientes esenciales, es un alimento en polvo de acuerdo a los est\u00e1ndares internacionales m\u00e1s altos. Est\u00e1 repleto de prote\u00ednas, vitaminas, extractos vegetales y otros ingredientes de primera calidad.<\/span><\/p>\n<p><span data-sheets-value=\"{&quot;1&quot;:2,&quot;2&quot;:&quot;Esta bolsa de Shake Me de 1,100 gr (1.1Kg) contiene:\\r\\n\\r\\n\u2022 Estevia como endulzante\\r\\n\u2022 22 g de prote\u00edna por porci\u00f3n\\r\\n\u2022 8 Extractos vegetales\\r\\n\u2022 23 Vitaminas y minerales\\r\\n\u2022 Complejo de vitaminas B\\r\\n\u2022 Menos de 2 g de lactosa por porci\u00f3n&quot;}\" data-sheets-userformat=\"{&quot;2&quot;:11137,&quot;3&quot;:{&quot;1&quot;:0},&quot;10&quot;:1,&quot;11&quot;:4,&quot;12&quot;:0,&quot;14&quot;:{&quot;1&quot;:2,&quot;2&quot;:0},&quot;16&quot;:10}\">Esta bolsa de Shake Me de 1,100 gr (1.1Kg) contiene:<\/span><\/p>\n<p>\u2022 Estevia como endulzante<br \/>\n\u2022 22 g de prote\u00edna por porci\u00f3n<br \/>\n\u2022 8 Extractos vegetales<br \/>\n\u2022 23 Vitaminas y minerales<br \/>\n\u2022 Complejo de vitaminas B<br \/>\n\u2022 Menos de 2 g de lactosa por porci\u00f3n<\/p>\n","protected":false},"featured_media":1032,"comment_status":"open","ping_status":"closed","template":"","meta":[],"product_brand":[],"product_cat":[44],"product_tag":[56,57,55,54],"class_list":{"0":"post-113","1":"product","2":"type-product","3":"status-publish","4":"has-post-thumbnail","6":"product_cat-alimentacion","7":"product_tag-alimentacion","8":"product_tag-nutricion","9":"product_tag-shake","10":"product_tag-vivri","12":"first","13":"instock","14":"shipping-taxable","15":"product-type-external"},"_links":{"self":[{"href":"https:\/\/mejorat.com\/es\/wp-json\/wp\/v2\/product\/113","targetHints":{"allow":["GET"]}}],"collection":[{"href":"https:\/\/mejorat.com\/es\/wp-json\/wp\/v2\/product"}],"about":[{"href":"https:\/\/mejorat.com\/es\/wp-json\/wp\/v2\/types\/product"}],"replies":[{"embeddable":true,"href":"https:\/\/mejorat.com\/es\/wp-json\/wp\/v2\/comments?post=113"}],"version-history":[{"count":6,"href":"https:\/\/mejorat.com\/es\/wp-json\/wp\/v2\/product\/113\/revisions"}],"predecessor-version":[{"id":1063,"href":"https:\/\/mejorat.com\/es\/wp-json\/wp\/v2\/product\/113\/revisions\/1063"}],"wp:featuredmedia":[{"embeddable":true,"href":"https:\/\/mejorat.com\/es\/wp-json\/wp\/v2\/media\/1032"}],"wp:attachment":[{"href":"https:\/\/mejorat.com\/es\/wp-json\/wp\/v2\/media?parent=113"}],"wp:term":[{"taxonomy":"product_brand","embeddable":true,"href":"https:\/\/mejorat.com\/es\/wp-json\/wp\/v2\/product_brand?post=113"},{"taxonomy":"product_cat","embeddable":true,"href":"https:\/\/mejorat.com\/es\/wp-json\/wp\/v2\/product_cat?post=113"},{"taxonomy":"product_tag","embeddable":true,"href":"https:\/\/mejorat.com\/es\/wp-json\/wp\/v2\/product_tag?post=113"}],"curies":[{"name":"wp","href":"https:\/\/api.w.org\/{rel}","templated":true}]}}