{"id":1129,"date":"2020-09-13T22:04:10","date_gmt":"2020-09-13T22:04:10","guid":{"rendered":"https:\/\/mejorat.com\/es\/?post_type=product&#038;p=1129"},"modified":"2020-09-13T22:04:11","modified_gmt":"2020-09-13T22:04:11","slug":"facial-roller-revlon","status":"publish","type":"product","link":"https:\/\/mejorat.com\/es\/product\/facial-roller-revlon\/","title":{"rendered":"Facial Roller Revlon"},"content":{"rendered":"<p><img decoding=\"async\" class=\"size-medium wp-image-1130\" src=\"https:\/\/mejorat.com\/es\/wp-content\/uploads\/2020\/09\/roller-109x300.jpg\" alt=\"Face Roller Revlon\" width=\"109\" height=\"300\" srcset=\"https:\/\/mejorat.com\/es\/wp-content\/uploads\/2020\/09\/roller-109x300.jpg 109w, https:\/\/mejorat.com\/es\/wp-content\/uploads\/2020\/09\/roller-372x1024.jpg 372w, https:\/\/mejorat.com\/es\/wp-content\/uploads\/2020\/09\/roller.jpg 545w\" sizes=\"(max-width: 109px) 100vw, 109px\" \/><\/p>\n<p>\u00bfTienes ojeras? Este producto te ayudar\u00e1 a darle un aspecto m\u00e1s suave a tu cara, es una maravilla. Tonifica los m\u00fasculos faciales: el aumento del flujo sangu\u00edneo d\u00e1ndote un suave masaje y aumenta el ox\u00edgeno a las c\u00e9lulas de la piel ayudando a apretar y reducir el tama\u00f1o de los poros, mientras que el rodillo tambi\u00e9n estimula los m\u00fasculos, aumenta el tono y la fuerza, creando una apariencia m\u00e1s joven y un brillo saludable.<\/p>\n<ul class=\"a-unordered-list a-vertical a-spacing-mini\">\n<li><span class=\"a-list-item\">Hecho de piedra de jade real<\/span><\/li>\n<li><span class=\"a-list-item\">Apto para todo tipo de piel<\/span><\/li>\n<li><span class=\"a-list-item\">El rodillo facial de Revlon es la soluci\u00f3n perfecta en el hogar para ayudar con la piel hinchada<\/span><\/li>\n<li><span class=\"a-list-item\">\u00dasalo como parte de tu rutina diaria para obtener mejores resultados<\/span><\/li>\n<\/ul>\n","protected":false},"excerpt":{"rendered":"<div id=\"dpx-product-description_feature_div\">\n<div id=\"descriptionAndDetails\" class=\"a-section a-spacing-extra-large\">\n<div id=\"productDescription_feature_div\" class=\"celwidget\" data-feature-name=\"productDescription\" data-csa-c-id=\"normqb-vopqi8-8309rq-z4meou\" data-cel-widget=\"productDescription_feature_div\">\n<div id=\"productDescription_feature_div\" class=\"a-row feature\" data-feature-name=\"productDescription\" data-template-name=\"productDescription\" data-cel-widget=\"productDescription_feature_div\">\n<div id=\"productDescription\" class=\"a-section a-spacing-small\">\n<p>Hecho de jade real, este rodillo facial se desliza sobre la piel, disminuyendo la hinchaz\u00f3n y aumentando la circulaci\u00f3n para un efecto de suavidad y brillo.<\/p>\n<\/div>\n<\/div>\n<\/div>\n<\/div>\n<\/div>\n","protected":false},"featured_media":1130,"comment_status":"closed","ping_status":"closed","template":"","meta":[],"product_brand":[],"product_cat":[46],"product_tag":[72,73,71],"class_list":{"0":"post-1129","1":"product","2":"type-product","3":"status-publish","4":"has-post-thumbnail","6":"product_cat-articulos","7":"product_tag-facial-roller","8":"product_tag-mejorat","9":"product_tag-revlon","11":"first","12":"instock","13":"shipping-taxable","14":"product-type-external"},"_links":{"self":[{"href":"https:\/\/mejorat.com\/es\/wp-json\/wp\/v2\/product\/1129","targetHints":{"allow":["GET"]}}],"collection":[{"href":"https:\/\/mejorat.com\/es\/wp-json\/wp\/v2\/product"}],"about":[{"href":"https:\/\/mejorat.com\/es\/wp-json\/wp\/v2\/types\/product"}],"replies":[{"embeddable":true,"href":"https:\/\/mejorat.com\/es\/wp-json\/wp\/v2\/comments?post=1129"}],"version-history":[{"count":1,"href":"https:\/\/mejorat.com\/es\/wp-json\/wp\/v2\/product\/1129\/revisions"}],"predecessor-version":[{"id":1132,"href":"https:\/\/mejorat.com\/es\/wp-json\/wp\/v2\/product\/1129\/revisions\/1132"}],"wp:featuredmedia":[{"embeddable":true,"href":"https:\/\/mejorat.com\/es\/wp-json\/wp\/v2\/media\/1130"}],"wp:attachment":[{"href":"https:\/\/mejorat.com\/es\/wp-json\/wp\/v2\/media?parent=1129"}],"wp:term":[{"taxonomy":"product_brand","embeddable":true,"href":"https:\/\/mejorat.com\/es\/wp-json\/wp\/v2\/product_brand?post=1129"},{"taxonomy":"product_cat","embeddable":true,"href":"https:\/\/mejorat.com\/es\/wp-json\/wp\/v2\/product_cat?post=1129"},{"taxonomy":"product_tag","embeddable":true,"href":"https:\/\/mejorat.com\/es\/wp-json\/wp\/v2\/product_tag?post=1129"}],"curies":[{"name":"wp","href":"https:\/\/api.w.org\/{rel}","templated":true}]}}