{"id":112,"date":"2018-10-18T02:27:42","date_gmt":"2018-10-18T02:27:42","guid":{"rendered":"https:\/\/woostify.com\/demos\/urbanstyle\/?post_type=product&#038;p=112"},"modified":"2020-06-28T02:35:01","modified_gmt":"2020-06-28T02:35:01","slug":"tapete-yoga-gaiam","status":"publish","type":"product","link":"https:\/\/mejorat.com\/es\/product\/tapete-yoga-gaiam\/","title":{"rendered":"Tapete Yoga Gaiam"},"content":{"rendered":"<div class=\"woocommerce-product-details__short-description\">\n<p>Las esterillas gruesas Gaiam Essentials son la esterilla de ejercicio cl\u00e1sica ideal para todo tipo de yoga, pilates y ejercicios de suelo. Estas alfombrillas de fitness duraderas y ligeras son extragruesas (2\/5 pulgadas) para la amortiguaci\u00f3n adicional que tus articulaciones necesitan durante cualquier rutina de yoga o fitness. Disponible en colores cl\u00e1sicos con una correa de transporte incluida para que puedas sujetar tu alfombrilla y listo. 183 cm de largo x 61 cm de ancho x 2 cm de largo.<\/p>\n<p><img decoding=\"async\" src=\"https:\/\/m.media-amazon.com\/images\/S\/aplus-media\/vc\/893eedcd-8581-4916-bec2-c393d3af6384._CR0,0,970,300_PT0_SX970__.jpg\" alt=\"Gaiam Essentials Fitness Mats\" \/><\/p>\n<\/div>\n","protected":false},"excerpt":{"rendered":"<ul class=\"a-unordered-list a-vertical a-spacing-mini\">\n<li><span class=\"a-list-item\">Colchoneta de fitness y ejercicio: la cl\u00e1sica esterilla de yoga es ideal para todo tipo de rutinas de fitness y ejercicio, incluyendo yoga, pilates y cualquier ejercicio de suelo donde se aprecie un coj\u00edn y apoyo adicionales.<\/span><\/li>\n<li><span class=\"a-list-item\">Alfombrilla de yoga extragruesa: estas esterillas de ejercicio de 2\/5 pulgadas son ideales para todo uso en el estudio o en casa, incluso alrededor de la casa bajo las rodillas o como una almohadilla de pie o coj\u00edn<\/span><\/li>\n<li><span class=\"a-list-item\">No t\u00f3xico y libre de 6P: la esterilla de yoga de PVC es una opci\u00f3n m\u00e1s saludable para ti y el planeta y libre de DEHP, DBP, BBP, DINP, DIDP y DNOP (para obtener los mejores resultados, desenrolla y saca el aire de tu esterilla durante 2-3 d\u00edas antes de usar).<\/span><\/li>\n<li><span class=\"a-list-item\">Incluye correa de transporte para esterilla de yoga: incluida con tu esterilla de yoga es una correa de transporte para que puedas atar tu esterilla e irte.<\/span><\/li>\n<li><span class=\"a-list-item\">Dimensiones: 72 pulgadas de largo x 24 pulgadas de ancho x 2\/5 pulgadas (3.11 libras).<\/span><\/li>\n<\/ul>\n","protected":false},"featured_media":1037,"comment_status":"open","ping_status":"closed","template":"","meta":[],"product_brand":[],"product_cat":[46],"product_tag":[64,62,65,63],"class_list":{"0":"post-112","1":"product","2":"type-product","3":"status-publish","4":"has-post-thumbnail","6":"product_cat-articulos","7":"product_tag-deportes","8":"product_tag-fitness","9":"product_tag-sports","10":"product_tag-yoga","12":"first","13":"instock","14":"shipping-taxable","15":"product-type-external"},"_links":{"self":[{"href":"https:\/\/mejorat.com\/es\/wp-json\/wp\/v2\/product\/112","targetHints":{"allow":["GET"]}}],"collection":[{"href":"https:\/\/mejorat.com\/es\/wp-json\/wp\/v2\/product"}],"about":[{"href":"https:\/\/mejorat.com\/es\/wp-json\/wp\/v2\/types\/product"}],"replies":[{"embeddable":true,"href":"https:\/\/mejorat.com\/es\/wp-json\/wp\/v2\/comments?post=112"}],"version-history":[{"count":3,"href":"https:\/\/mejorat.com\/es\/wp-json\/wp\/v2\/product\/112\/revisions"}],"predecessor-version":[{"id":1067,"href":"https:\/\/mejorat.com\/es\/wp-json\/wp\/v2\/product\/112\/revisions\/1067"}],"wp:featuredmedia":[{"embeddable":true,"href":"https:\/\/mejorat.com\/es\/wp-json\/wp\/v2\/media\/1037"}],"wp:attachment":[{"href":"https:\/\/mejorat.com\/es\/wp-json\/wp\/v2\/media?parent=112"}],"wp:term":[{"taxonomy":"product_brand","embeddable":true,"href":"https:\/\/mejorat.com\/es\/wp-json\/wp\/v2\/product_brand?post=112"},{"taxonomy":"product_cat","embeddable":true,"href":"https:\/\/mejorat.com\/es\/wp-json\/wp\/v2\/product_cat?post=112"},{"taxonomy":"product_tag","embeddable":true,"href":"https:\/\/mejorat.com\/es\/wp-json\/wp\/v2\/product_tag?post=112"}],"curies":[{"name":"wp","href":"https:\/\/api.w.org\/{rel}","templated":true}]}}