{"id":110,"date":"2018-10-18T02:24:20","date_gmt":"2018-10-18T02:24:20","guid":{"rendered":"https:\/\/woostify.com\/demos\/urbanstyle\/?post_type=product&#038;p=110"},"modified":"2020-06-28T04:52:05","modified_gmt":"2020-06-28T04:52:05","slug":"reto-vivri","status":"publish","type":"product","link":"https:\/\/mejorat.com\/es\/product\/reto-vivri\/","title":{"rendered":"Reto VIVRI para mejor nutrici\u00f3n"},"content":{"rendered":"<div class=\"woocommerce-product-details__short-description\">\n<p><span data-sheets-value=\"{&quot;1&quot;:2,&quot;2&quot;:&quot;Un reto VIVRI es un plan de alimentaci\u00f3n de 10 d\u00edas en donde cambiar\u00e1s tus h\u00e1bitos de alimentaci\u00f3n, te sentir\u00e1s mejor y nutrir\u00e1s tu cuerpo. SNE quiere decir Sistema de Nutrici\u00f3n Esencial. La alimentaci\u00f3n VIVRI se basa en alimentos en polvos que los mezclas con agua fr\u00eda y hielos, y al tom\u00e1rtelo te va a saber muy rico. No saben como los cl\u00e1sicos batidos que saben a harina o a maizena. \\r\\n\\r\\nEste trae un Shake o polvo de licuado sin sabor, el cual es para tomarse 2 veces al d\u00eda, y adem\u00e1s 2 complementos que pueden ser sabor naranja mango, caf\u00e9, pi\u00f1a o jamaica. El power me es una bebida en polvo de media ma\u00f1ana que te da energ\u00eda y sabe muy rico, y el Cleanse me, es otra bebida en polvo que te ayuda a la digesti\u00f3n. \\r\\n\\r\\nEste paquete adem\u00e1s trae un diario para que le des seguimiento a todo tu plan alimenticio, un shaker para que sea m\u00e1s f\u00e1cil tomar tus bebidas, una pulsera muy bonita que te recordar\u00e1 sobre el reto y 2 complementos mencionados.\\r\\n\\r\\nEstos son alimentos en polvo que traen extractos vegetales, vitaminas, minerales y son altos en prote\u00edna. No son alimentos cualquiera, son alimentos que ya est\u00e1n aprobados por el gobierno mexicano, por parte de la Cofepris. Estos productos se fabrican en Estados Unidos en instalaciones que est\u00e1n registradas con la FDA, se adhieren a las Buenas Pr\u00e1cticas de Manufactura (GMP, por sus siglas en ingl\u00e9s Good Manufacturing Practices) y poseen la certificaci\u00f3n GMP otorgada por la National Science Foundation (NSF). Adem\u00e1s, cumplen con todas las normas de calidad de Cofepris en M\u00e9xico. \\r\\n\\r\\nA diferencia de otros retos, en este paquete puedes escoger cualquiera de los sabores que tiene VIVRI. Trae el polvo shake del sabor que escojas puede ser cholate, fresa, vainilla, coockies and cream y vegano sabor chocolate. Trae todo lo necesario para alimentarte sanamente durante la ma\u00f1ana y la noche. \\r\\n\\r\\nLo \u00fanico que debes hacer es hacer una comida completa de cualquier platillo que tu quieras, mientras sean las permitidas del plan de alimentaci\u00f3n y tomar un batido o shake de VIVRI 2 veces al d\u00eda. Si te da hambre, entre comidas puedes consumir frutas, verduras y tomar otras 2 bebidas de apoyo que vienen en este paquete. &quot;}\" data-sheets-userformat=\"{&quot;2&quot;:15299,&quot;3&quot;:{&quot;1&quot;:0},&quot;4&quot;:{&quot;1&quot;:2,&quot;2&quot;:16777215},&quot;9&quot;:0,&quot;10&quot;:1,&quot;11&quot;:4,&quot;12&quot;:0,&quot;14&quot;:{&quot;1&quot;:2,&quot;2&quot;:0},&quot;15&quot;:&quot;Arial&quot;,&quot;16&quot;:10}\">Un reto VIVRI es un plan de alimentaci\u00f3n de 10 d\u00edas en donde cambiar\u00e1s tus h\u00e1bitos de alimentaci\u00f3n, te sentir\u00e1s mejor y nutrir\u00e1s tu cuerpo. SNE quiere decir Sistema de Nutrici\u00f3n Esencial. La alimentaci\u00f3n VIVRI se basa en alimentos en polvos que los mezclas con agua fr\u00eda y hielos, y al tom\u00e1rtelo te va a saber muy rico. No saben como los cl\u00e1sicos batidos que saben a harina o a maizena.<\/span><\/p>\n<p>Este trae un Shake o polvo de licuado sin sabor, el cual es para tomarse 2 veces al d\u00eda, y adem\u00e1s 2 complementos que pueden ser sabor naranja mango, caf\u00e9, pi\u00f1a o jamaica. El power me es una bebida en polvo de media ma\u00f1ana que te da energ\u00eda y sabe muy rico, y el Cleanse me, es otra bebida en polvo que te ayuda a la digesti\u00f3n.<\/p>\n<p>Este paquete adem\u00e1s trae un diario para que le des seguimiento a todo tu plan alimenticio, un shaker para que sea m\u00e1s f\u00e1cil tomar tus bebidas, una pulsera muy bonita que te recordar\u00e1 sobre el reto y 2 complementos mencionados.<\/p>\n<p>Estos son alimentos en polvo que traen extractos vegetales, vitaminas, minerales y son altos en prote\u00edna. No son alimentos cualquiera, son alimentos que ya est\u00e1n aprobados por el gobierno mexicano, por parte de la Cofepris. Estos productos se fabrican en Estados Unidos en instalaciones que est\u00e1n registradas con la FDA, se adhieren a las Buenas Pr\u00e1cticas de Manufactura (GMP, por sus siglas en ingl\u00e9s Good Manufacturing Practices) y poseen la certificaci\u00f3n GMP otorgada por la National Science Foundation (NSF). Adem\u00e1s, cumplen con todas las normas de calidad de Cofepris en M\u00e9xico.<\/p>\n<p>A diferencia de otros retos, en este paquete puedes escoger cualquiera de los sabores que tiene VIVRI. Trae el polvo shake del sabor que escojas puede ser cholate, fresa, vainilla, coockies and cream y vegano sabor chocolate. Trae todo lo necesario para alimentarte sanamente durante la ma\u00f1ana y la noche.<\/p>\n<p>Lo \u00fanico que debes hacer es hacer una comida completa de cualquier platillo que tu quieras, mientras sean las permitidas del plan de alimentaci\u00f3n y tomar un batido o shake de VIVRI 2 veces al d\u00eda. Si te da hambre, entre comidas puedes consumir frutas, verduras y tomar otras 2 bebidas de apoyo que vienen en este paquete.<\/p>\n<\/div>\n","protected":false},"excerpt":{"rendered":"<p><span data-sheets-value=\"{&quot;1&quot;:2,&quot;2&quot;:&quot;El Sistema de Nutrici\u00f3n Esencial (SNE) es la forma m\u00e1s pr\u00e1ctica para realizar tu Reto VIVRI\u00ae de 10 d\u00edas y lograr la mejor versi\u00f3n de ti.&quot;}\" data-sheets-userformat=\"{&quot;2&quot;:15299,&quot;3&quot;:{&quot;1&quot;:0},&quot;4&quot;:{&quot;1&quot;:2,&quot;2&quot;:16777215},&quot;9&quot;:0,&quot;10&quot;:1,&quot;11&quot;:4,&quot;12&quot;:0,&quot;14&quot;:{&quot;1&quot;:2,&quot;2&quot;:0},&quot;15&quot;:&quot;Arial&quot;,&quot;16&quot;:10}\">El Sistema de Nutrici\u00f3n Esencial (SNE) es la forma m\u00e1s pr\u00e1ctica para realizar tu Reto VIVRI\u00ae de 10 d\u00edas y lograr la mejor versi\u00f3n de ti.<\/span><\/p>\n<p>La alimentaci\u00f3n VIVRI se basa en alimentos en polvos que los mezclas con agua fr\u00eda y hielos, y al tom\u00e1rtelo te va a saber muy rico. No saben como los cl\u00e1sicos batidos que saben a harina o a maizena. Estos son alimentos en polvo que traen extractos vegetales, vitaminas, minerales y son altos en prote\u00edna. No son alimentos cualquiera, son alimentos aprobados por organismos regulatorios y los cuales muchos nutri\u00f3logos los recomiendan.<\/p>\n<p><span data-sheets-value=\"{&quot;1&quot;:2,&quot;2&quot;:&quot;Incluye:\\n\u2022 Shake Me!\u00ae - 20 porciones\\n\u2022 Power Me!\u00ae - 10 porciones\\n\u2022 Cleanse Me!\u00ae - 10 porciones\\n\u2022 Mi Diario VIVRI\u00ae Digital - Plan de nutrici\u00f3n en espa\u00f1ol\\n\u2022 Shaker VIVRI\u00ae - Termo mezclador con bola met\u00e1lica\\n\u2022 Pulsera VIVRI\u00ae&quot;}\" data-sheets-userformat=\"{&quot;2&quot;:15299,&quot;3&quot;:{&quot;1&quot;:0},&quot;4&quot;:{&quot;1&quot;:2,&quot;2&quot;:16316664},&quot;9&quot;:0,&quot;10&quot;:1,&quot;11&quot;:4,&quot;12&quot;:0,&quot;14&quot;:{&quot;1&quot;:2,&quot;2&quot;:0},&quot;15&quot;:&quot;Arial&quot;,&quot;16&quot;:10}\">Este paquete Incluye:<br \/>\n\u2022 Shake Me!\u00ae &#8211; 20 porciones<br \/>\n\u2022 Power Me!\u00ae &#8211; 10 porciones<br \/>\n\u2022 Cleanse Me!\u00ae &#8211; 10 porciones<br \/>\n\u2022 Mi Diario VIVRI\u00ae Digital &#8211; Plan de nutrici\u00f3n en espa\u00f1ol<br \/>\n\u2022 Shaker VIVRI\u00ae &#8211; Termo mezclador con bola met\u00e1lica<br \/>\n\u2022 Pulsera VIVRI\u00ae<\/span><\/p>\n","protected":false},"featured_media":1026,"comment_status":"open","ping_status":"closed","template":"","meta":[],"product_brand":[],"product_cat":[44],"product_tag":[56,58,57,53,55,54],"class_list":{"0":"post-110","1":"product","2":"type-product","3":"status-publish","4":"has-post-thumbnail","6":"product_cat-alimentacion","7":"product_tag-alimentacion","8":"product_tag-bajar-de-peso","9":"product_tag-nutricion","10":"product_tag-retos","11":"product_tag-shake","12":"product_tag-vivri","14":"first","15":"instock","16":"shipping-taxable","17":"product-type-external"},"_links":{"self":[{"href":"https:\/\/mejorat.com\/es\/wp-json\/wp\/v2\/product\/110","targetHints":{"allow":["GET"]}}],"collection":[{"href":"https:\/\/mejorat.com\/es\/wp-json\/wp\/v2\/product"}],"about":[{"href":"https:\/\/mejorat.com\/es\/wp-json\/wp\/v2\/types\/product"}],"replies":[{"embeddable":true,"href":"https:\/\/mejorat.com\/es\/wp-json\/wp\/v2\/comments?post=110"}],"version-history":[{"count":4,"href":"https:\/\/mejorat.com\/es\/wp-json\/wp\/v2\/product\/110\/revisions"}],"predecessor-version":[{"id":1059,"href":"https:\/\/mejorat.com\/es\/wp-json\/wp\/v2\/product\/110\/revisions\/1059"}],"wp:featuredmedia":[{"embeddable":true,"href":"https:\/\/mejorat.com\/es\/wp-json\/wp\/v2\/media\/1026"}],"wp:attachment":[{"href":"https:\/\/mejorat.com\/es\/wp-json\/wp\/v2\/media?parent=110"}],"wp:term":[{"taxonomy":"product_brand","embeddable":true,"href":"https:\/\/mejorat.com\/es\/wp-json\/wp\/v2\/product_brand?post=110"},{"taxonomy":"product_cat","embeddable":true,"href":"https:\/\/mejorat.com\/es\/wp-json\/wp\/v2\/product_cat?post=110"},{"taxonomy":"product_tag","embeddable":true,"href":"https:\/\/mejorat.com\/es\/wp-json\/wp\/v2\/product_tag?post=110"}],"curies":[{"name":"wp","href":"https:\/\/api.w.org\/{rel}","templated":true}]}}