{"id":109,"date":"2018-10-18T02:22:19","date_gmt":"2018-10-18T02:22:19","guid":{"rendered":"https:\/\/woostify.com\/demos\/urbanstyle\/?post_type=product&#038;p=109"},"modified":"2020-06-28T04:53:09","modified_gmt":"2020-06-28T04:53:09","slug":"power-me","status":"publish","type":"product","link":"https:\/\/mejorat.com\/es\/product\/power-me\/","title":{"rendered":"Power Me &#8211; Energ\u00eda para tus ma\u00f1anas"},"content":{"rendered":"<div class=\"woocommerce-product-details__short-description\">\n<p><span data-sheets-value=\"{&quot;1&quot;:2,&quot;2&quot;:&quot;Power Me es un rico polvo de los productos de la familia VIVRI para preparar bebida de sabor. Contiene Extracto de t\u00e9 verde, vitaminas de complejo B, Biotina, extracto de semilla de guaran\u00e1 y est\u00e1 endulzado con estevia. Es la bebida ideal para energizarte a media ma\u00f1ana.\\r\\n\\r\\nPuedes escogerlo de sabor Caff\u00e9 Latte, Naranja Mango, o Ponche de frutas. Viene en presentaci\u00f3n de 10 o 30 porciones.\\r\\n\\r\\nTe sugerimos que s\u00f3lo lo tomes 1 vez a medio d\u00eda.\\r&quot;}\" data-sheets-userformat=\"{&quot;2&quot;:15299,&quot;3&quot;:{&quot;1&quot;:0},&quot;4&quot;:{&quot;1&quot;:2,&quot;2&quot;:16777215},&quot;9&quot;:0,&quot;10&quot;:1,&quot;11&quot;:4,&quot;12&quot;:0,&quot;14&quot;:{&quot;1&quot;:2,&quot;2&quot;:0},&quot;15&quot;:&quot;Arial&quot;,&quot;16&quot;:10}\">Power Me es un rico polvo de los productos de la familia VIVRI para preparar bebida de sabor. Contiene Extracto de t\u00e9 verde, vitaminas de complejo B, Biotina, extracto de semilla de guaran\u00e1 y est\u00e1 endulzado con estevia. Es la bebida ideal para energizarte a media ma\u00f1ana.<\/span><\/p>\n<p>Puedes escogerlo de sabor Caff\u00e9 Latte, Naranja Mango, o Ponche de frutas. Viene en presentaci\u00f3n de 10 o 30 porciones.<\/p>\n<p>Te sugerimos que s\u00f3lo lo tomes 1 vez al medio d\u00eda.<\/p>\n<\/div>\n","protected":false},"excerpt":{"rendered":"<p><span data-sheets-value=\"{&quot;1&quot;:2,&quot;2&quot;:&quot;Energ\u00eda de fuentes naturales. Estimula tu mente y cuerpo de forma natural para rendir m\u00e1s.\\r\\nLa bolsa contiene una cuchara medidora para servir y el equivalente a 10 \u00f3 30 porciones individuales de producto.&quot;}\" data-sheets-userformat=\"{&quot;2&quot;:15299,&quot;3&quot;:{&quot;1&quot;:0},&quot;4&quot;:{&quot;1&quot;:2,&quot;2&quot;:16777215},&quot;9&quot;:0,&quot;10&quot;:1,&quot;11&quot;:4,&quot;12&quot;:0,&quot;14&quot;:{&quot;1&quot;:2,&quot;2&quot;:0},&quot;15&quot;:&quot;Arial&quot;,&quot;16&quot;:10}\">Energ\u00eda de fuentes naturales. Estimula tu mente y cuerpo de forma natural para rendir m\u00e1s.<br \/>\nLa bolsa contiene una cuchara medidora para servir y el equivalente a 10 \u00f3 30 porciones individuales de producto.<\/span><\/p>\n","protected":false},"featured_media":1029,"comment_status":"open","ping_status":"closed","template":"","meta":[],"product_brand":[],"product_cat":[44],"product_tag":[56,60,59,54],"class_list":{"0":"post-109","1":"product","2":"type-product","3":"status-publish","4":"has-post-thumbnail","6":"product_cat-alimentacion","7":"product_tag-alimentacion","8":"product_tag-bebida-energizante","9":"product_tag-power-me","10":"product_tag-vivri","12":"first","13":"instock","14":"shipping-taxable","15":"product-type-external"},"_links":{"self":[{"href":"https:\/\/mejorat.com\/es\/wp-json\/wp\/v2\/product\/109","targetHints":{"allow":["GET"]}}],"collection":[{"href":"https:\/\/mejorat.com\/es\/wp-json\/wp\/v2\/product"}],"about":[{"href":"https:\/\/mejorat.com\/es\/wp-json\/wp\/v2\/types\/product"}],"replies":[{"embeddable":true,"href":"https:\/\/mejorat.com\/es\/wp-json\/wp\/v2\/comments?post=109"}],"version-history":[{"count":4,"href":"https:\/\/mejorat.com\/es\/wp-json\/wp\/v2\/product\/109\/revisions"}],"predecessor-version":[{"id":1062,"href":"https:\/\/mejorat.com\/es\/wp-json\/wp\/v2\/product\/109\/revisions\/1062"}],"wp:featuredmedia":[{"embeddable":true,"href":"https:\/\/mejorat.com\/es\/wp-json\/wp\/v2\/media\/1029"}],"wp:attachment":[{"href":"https:\/\/mejorat.com\/es\/wp-json\/wp\/v2\/media?parent=109"}],"wp:term":[{"taxonomy":"product_brand","embeddable":true,"href":"https:\/\/mejorat.com\/es\/wp-json\/wp\/v2\/product_brand?post=109"},{"taxonomy":"product_cat","embeddable":true,"href":"https:\/\/mejorat.com\/es\/wp-json\/wp\/v2\/product_cat?post=109"},{"taxonomy":"product_tag","embeddable":true,"href":"https:\/\/mejorat.com\/es\/wp-json\/wp\/v2\/product_tag?post=109"}],"curies":[{"name":"wp","href":"https:\/\/api.w.org\/{rel}","templated":true}]}}