{"id":900,"date":"2020-06-02T02:51:45","date_gmt":"2020-06-02T02:51:45","guid":{"rendered":"http:\/\/mejorat.com\/es\/?page_id=900"},"modified":"2020-11-21T06:28:35","modified_gmt":"2020-11-21T06:28:35","slug":"mejorat","status":"publish","type":"page","link":"https:\/\/mejorat.com\/es\/mejorat\/","title":{"rendered":"MejoraT Acerca De"},"content":{"rendered":"\n<h2 class=\"wp-block-heading\">Acerca de<\/h2>\n\n\n\n<p>MejoraT es un sitio donde encontrar\u00e1s distintas opciones para adquirir productos\u2026. a buen precio.<\/p>\n\n\n\n<p>Nosotros somos un equipo que nos encargamos de compartirte toda la informaci\u00f3n que encontramos sobre accesorios, deportes, libros y suplementos alimenticios. Es por eso que nosotros\u00a0<strong>buscamos ofertas de productos, te recomendamos accesorios y otros art\u00edculos\u00a0<\/strong>que despu\u00e9s las publicamos este sitio para que tu te dirijas a la p\u00e1gina en donde se encontr\u00f3 dicha oferta \u00a1y puedas aprovecharla!<strong>\u00a0adem\u00e1s te compartimos herramientas e informaci\u00f3n que \u00fatil para que disfrutes tu experiencia.<\/strong><\/p>\n\n\n\n<p><strong>Nosotros no vendemos directamente los productos<\/strong>\u00a0o los accesorios, nuestra informaci\u00f3n es de car\u00e1cter informativo, ya que hacemos recomendaciones y solamente encontramos la oferta, la publicamos en nuestra p\u00e1gina y t\u00fa podr\u00e1s seguir el proceso directamente con el proveedor de servicios que recomendemos en el art\u00edculo.<\/p>\n\n\n\n<p>Puedes tener la certeza de que revisamos que la informaci\u00f3n sea confiable y de buena fuente. Jam\u00e1s publicaremos ofertas que sean de dudosa reputaci\u00f3n o posible fraude.<\/p>\n\n\n\n<p>Si tienes alguna duda o sugerencia, escr\u00edbenos a hola@mejorat.com<\/p>\n\n\n\n<p><\/p>\n","protected":false},"excerpt":{"rendered":"<p>Acerca de MejoraT es un sitio donde encontrar\u00e1s distintas opciones para adquirir productos\u2026. a buen precio. Nosotros somos un equipo&#8230;<\/p>\n","protected":false},"author":1,"featured_media":0,"parent":0,"menu_order":0,"comment_status":"closed","ping_status":"closed","template":"","meta":{"footnotes":""},"class_list":["post-900","page","type-page","status-publish","hentry"],"post-meta":{"_edit_lock":["1605940115:1"],"_edit_last":["1"],"site-container":["default"],"site-header-transparent":["default"],"site-page-header":["default"],"site-sidebar":["default"],"_elementor_edit_mode":["builder"],"_elementor_template_type":["wp-page"],"_elementor_version":["3.0.7"],"_wp_page_template":["default"],"_elementor_page_assets":["a:0:{}"],"_elementor_css":["a:7:{s:4:\"time\";i:1776160304;s:5:\"fonts\";a:0:{}s:5:\"icons\";a:0:{}s:20:\"dynamic_elements_ids\";a:0:{}s:6:\"status\";s:5:\"empty\";i:0;s:0:\"\";s:3:\"css\";s:0:\"\";}"]},"_links":{"self":[{"href":"https:\/\/mejorat.com\/es\/wp-json\/wp\/v2\/pages\/900","targetHints":{"allow":["GET"]}}],"collection":[{"href":"https:\/\/mejorat.com\/es\/wp-json\/wp\/v2\/pages"}],"about":[{"href":"https:\/\/mejorat.com\/es\/wp-json\/wp\/v2\/types\/page"}],"author":[{"embeddable":true,"href":"https:\/\/mejorat.com\/es\/wp-json\/wp\/v2\/users\/1"}],"replies":[{"embeddable":true,"href":"https:\/\/mejorat.com\/es\/wp-json\/wp\/v2\/comments?post=900"}],"version-history":[{"count":3,"href":"https:\/\/mejorat.com\/es\/wp-json\/wp\/v2\/pages\/900\/revisions"}],"predecessor-version":[{"id":1145,"href":"https:\/\/mejorat.com\/es\/wp-json\/wp\/v2\/pages\/900\/revisions\/1145"}],"wp:attachment":[{"href":"https:\/\/mejorat.com\/es\/wp-json\/wp\/v2\/media?parent=900"}],"curies":[{"name":"wp","href":"https:\/\/api.w.org\/{rel}","templated":true}]}}