{"id":1109,"date":"2020-07-26T02:37:24","date_gmt":"2020-07-26T02:37:24","guid":{"rendered":"https:\/\/mejorat.com\/es\/?page_id=1109"},"modified":"2020-07-26T02:44:56","modified_gmt":"2020-07-26T02:44:56","slug":"privacidad","status":"publish","type":"page","link":"https:\/\/mejorat.com\/es\/privacidad\/","title":{"rendered":"Privacidad"},"content":{"rendered":"\n<p>Mejorat.com es un blog de caracter informativo en el que compartimos informaci\u00f3n de productos, art\u00edculos y datos en general para tener una vida sana.<\/p>\n\n\n\n<p>Somos un blog que comparte opiniones y sugiere productos para personas que aman el ejercicio y la vida sana. Nosotros buscamos los mejores art\u00edculos y los traemos a ti por medio de nuestro blog y nuestra tienda en l\u00ednea.<br><br>Mejorat con domicilio en Ciudad de M\u00e9xico en la Delegaci\u00f3n Miguel Hidalgo, utilizar\u00e1 su informaci\u00f3n para crear una base de datos de personas que quieran recibir consultor\u00eda, asesor\u00eda o recomendaciones e informaci\u00f3n nutricional.<\/p>\n\n\n\n<p>Para mayor informaci\u00f3n del tratamiento de su informaci\u00f3 y sus derechos que puede hacer valer, puede contactarnos en hola@mejorat.com o llamarnos al tel\u00e9fono 56-17-29-8058.<\/p>\n","protected":false},"excerpt":{"rendered":"<p>Mejorat.com es un blog de caracter informativo en el que compartimos informaci\u00f3n de productos, art\u00edculos y datos en general para&#8230;<\/p>\n","protected":false},"author":1,"featured_media":0,"parent":0,"menu_order":0,"comment_status":"closed","ping_status":"closed","template":"","meta":{"footnotes":""},"class_list":["post-1109","page","type-page","status-publish","hentry"],"post-meta":{"_edit_lock":["1595731498:1"],"_edit_last":["1"],"site-container":["default"],"site-header-transparent":["default"],"site-page-header":["default"],"site-sidebar":["default"]},"_links":{"self":[{"href":"https:\/\/mejorat.com\/es\/wp-json\/wp\/v2\/pages\/1109","targetHints":{"allow":["GET"]}}],"collection":[{"href":"https:\/\/mejorat.com\/es\/wp-json\/wp\/v2\/pages"}],"about":[{"href":"https:\/\/mejorat.com\/es\/wp-json\/wp\/v2\/types\/page"}],"author":[{"embeddable":true,"href":"https:\/\/mejorat.com\/es\/wp-json\/wp\/v2\/users\/1"}],"replies":[{"embeddable":true,"href":"https:\/\/mejorat.com\/es\/wp-json\/wp\/v2\/comments?post=1109"}],"version-history":[{"count":2,"href":"https:\/\/mejorat.com\/es\/wp-json\/wp\/v2\/pages\/1109\/revisions"}],"predecessor-version":[{"id":1112,"href":"https:\/\/mejorat.com\/es\/wp-json\/wp\/v2\/pages\/1109\/revisions\/1112"}],"wp:attachment":[{"href":"https:\/\/mejorat.com\/es\/wp-json\/wp\/v2\/media?parent=1109"}],"curies":[{"name":"wp","href":"https:\/\/api.w.org\/{rel}","templated":true}]}}